{"id":716,"date":"2022-12-06T19:48:27","date_gmt":"2022-12-06T18:48:27","guid":{"rendered":"https:\/\/xn--caplest-bwa.com\/?page_id=716"},"modified":"2022-12-14T09:48:46","modified_gmt":"2022-12-14T08:48:46","slug":"pakistan","status":"publish","type":"page","link":"https:\/\/xn--caplest-bwa.com\/index.php\/pakistan\/","title":{"rendered":"PAKISTAN"},"content":{"rendered":"\n<p>Bonjour \u00e0 tous, j&#8217;\u00e9cris ces lignes \u00e0 une cinquantaine de kilom\u00e8tres de la fronti\u00e8re entre l&#8217;Iran et le Pakistan que j&#8217;esp\u00e8re franchir le lendemain, le mercredi 7 d\u00e9cembre, apr\u00e8s quasiment cinq semaines tr\u00e8s int\u00e9ressantes en Iran. <\/p>\n\n\n\n<p>J&#8217;esp\u00e8re avoir plus de facilit\u00e9 pour trouver du r\u00e9seau afin de mettre \u00e0 jour r\u00e9guli\u00e8rement ce blog et j&#8217;ai fait appel \u00e9galement aux services d&#8217;un guide pakistanais pour organiser des visites de certaines villes de Pakistan dans les meilleures conditions possibles, notamment au niveau de la s\u00e9curit\u00e9. Mais tous les commentaires que j&#8217;ai lus ou entendus sur les habitants de ce pays de la part de voyageurs \u00e9taient tr\u00e8s positifs donc je ne suis pas tr\u00e8s anxieux m\u00eame s&#8217;il faut bien entendu rester vigilant.<\/p>\n\n\n\n<p>Cap \u00e0 l&#8217;est!<\/p>\n","protected":false},"excerpt":{"rendered":"<p>&#8230;<\/p>\n","protected":false},"author":1,"featured_media":0,"parent":0,"menu_order":0,"comment_status":"closed","ping_status":"closed","template":"","meta":{"footnotes":""},"class_list":["post-716","page","type-page","status-publish","hentry"],"_links":{"self":[{"href":"https:\/\/xn--caplest-bwa.com\/index.php\/wp-json\/wp\/v2\/pages\/716","targetHints":{"allow":["GET"]}}],"collection":[{"href":"https:\/\/xn--caplest-bwa.com\/index.php\/wp-json\/wp\/v2\/pages"}],"about":[{"href":"https:\/\/xn--caplest-bwa.com\/index.php\/wp-json\/wp\/v2\/types\/page"}],"author":[{"embeddable":true,"href":"https:\/\/xn--caplest-bwa.com\/index.php\/wp-json\/wp\/v2\/users\/1"}],"replies":[{"embeddable":true,"href":"https:\/\/xn--caplest-bwa.com\/index.php\/wp-json\/wp\/v2\/comments?post=716"}],"version-history":[{"count":2,"href":"https:\/\/xn--caplest-bwa.com\/index.php\/wp-json\/wp\/v2\/pages\/716\/revisions"}],"predecessor-version":[{"id":848,"href":"https:\/\/xn--caplest-bwa.com\/index.php\/wp-json\/wp\/v2\/pages\/716\/revisions\/848"}],"wp:attachment":[{"href":"https:\/\/xn--caplest-bwa.com\/index.php\/wp-json\/wp\/v2\/media?parent=716"}],"curies":[{"name":"wp","href":"https:\/\/api.w.org\/{rel}","templated":true}]}}