{"id":1756,"date":"2023-03-01T10:58:02","date_gmt":"2023-03-01T09:58:02","guid":{"rendered":"https:\/\/xn--caplest-bwa.com\/?page_id=1756"},"modified":"2025-09-07T17:34:44","modified_gmt":"2025-09-07T15:34:44","slug":"le-tour-des-annapurnas-annapurna-circuit","status":"publish","type":"page","link":"https:\/\/xn--caplest-bwa.com\/index.php\/le-tour-des-annapurnas-annapurna-circuit\/","title":{"rendered":"Le tour des Annapurnas \u2013 \u00ab\u00a0Annapurna circuit\u00a0\u00bb"},"content":{"rendered":"\n<p>Vous trouverez ci-dessous un tableau r\u00e9sum\u00e9 de notre trek autour du massif des Annapurnas en passant par le Thorung La \u00e0 5400m. Nous avons fait le choix de faire ce parcours avec un guide en raison de passages \u00e0 haute altitude avec une m\u00e9t\u00e9o qui peut \u00e9voluer rapidement et aussi pour avoir plus d&#8217;informations sur la vie des populations locales ainsi que la faune et la flore environnante.<\/p>\n\n\n\n<p>Initialement l&#8217;agence de guides avait pr\u00e9vu 12 jours en partant de Katmandou et en terminant \u00e0 Pokhara sans passer par le lac Tilicho et sans faire Poonhill. Finalement nous avons bien marcher et nous avons pu ajouter les \u00e9tapes par le lac Tilicho et Poonhill.<\/p>\n\n\n\n<figure class=\"wp-block-image size-full\"><img loading=\"lazy\" decoding=\"async\" width=\"844\" height=\"451\" src=\"https:\/\/xn--caplest-bwa.com\/wp-content\/uploads\/2023\/03\/Sans-titre-2.png\" alt=\"\" class=\"wp-image-2058\" srcset=\"https:\/\/xn--caplest-bwa.com\/wp-content\/uploads\/2023\/03\/Sans-titre-2.png 844w, https:\/\/xn--caplest-bwa.com\/wp-content\/uploads\/2023\/03\/Sans-titre-2-300x160.png 300w, https:\/\/xn--caplest-bwa.com\/wp-content\/uploads\/2023\/03\/Sans-titre-2-768x410.png 768w\" sizes=\"auto, (max-width: 844px) 100vw, 844px\" \/><figcaption class=\"wp-element-caption\">R\u00e9sum\u00e9 de notre trek autour des Annapurnas<\/figcaption><\/figure>\n\n\n\n<p><a href=\"https:\/\/xn--caplest-bwa.com\/index.php\/2023\/03\/01\/jour-1-katmandou-bhulbhule\/\" data-type=\"post\" data-id=\"1755\">Lien vers le r\u00e9cit du premier jour<\/a><\/p>\n\n\n","protected":false},"excerpt":{"rendered":"<p>&#8230;<\/p>\n","protected":false},"author":1,"featured_media":0,"parent":0,"menu_order":0,"comment_status":"closed","ping_status":"closed","template":"","meta":{"footnotes":""},"class_list":["post-1756","page","type-page","status-publish","hentry"],"_links":{"self":[{"href":"https:\/\/xn--caplest-bwa.com\/index.php\/wp-json\/wp\/v2\/pages\/1756","targetHints":{"allow":["GET"]}}],"collection":[{"href":"https:\/\/xn--caplest-bwa.com\/index.php\/wp-json\/wp\/v2\/pages"}],"about":[{"href":"https:\/\/xn--caplest-bwa.com\/index.php\/wp-json\/wp\/v2\/types\/page"}],"author":[{"embeddable":true,"href":"https:\/\/xn--caplest-bwa.com\/index.php\/wp-json\/wp\/v2\/users\/1"}],"replies":[{"embeddable":true,"href":"https:\/\/xn--caplest-bwa.com\/index.php\/wp-json\/wp\/v2\/comments?post=1756"}],"version-history":[{"count":6,"href":"https:\/\/xn--caplest-bwa.com\/index.php\/wp-json\/wp\/v2\/pages\/1756\/revisions"}],"predecessor-version":[{"id":3414,"href":"https:\/\/xn--caplest-bwa.com\/index.php\/wp-json\/wp\/v2\/pages\/1756\/revisions\/3414"}],"wp:attachment":[{"href":"https:\/\/xn--caplest-bwa.com\/index.php\/wp-json\/wp\/v2\/media?parent=1756"}],"curies":[{"name":"wp","href":"https:\/\/api.w.org\/{rel}","templated":true}]}}