{"id":16,"date":"2022-08-16T13:55:00","date_gmt":"2022-08-16T11:55:00","guid":{"rendered":"https:\/\/xn--caplest-bwa.com\/?page_id=16"},"modified":"2024-10-28T23:21:31","modified_gmt":"2024-10-28T22:21:31","slug":"presentation","status":"publish","type":"page","link":"https:\/\/xn--caplest-bwa.com\/","title":{"rendered":"Pr\u00e9sentation"},"content":{"rendered":"\n<p><strong>Cher visiteur, ch\u00e8re visiteuse, je vous souhaite la bienvenue sur ce blog de voyage!<\/strong><\/p>\n\n\n\n<p>Que vous soyez venu par le fruit du hasard en cliquant sur un lien ou sur les recommandations d&#8217;une connaissance, j&#8217;esp\u00e8re que vous y trouverez de l&#8217;int\u00e9r\u00eat pour d\u00e9couvrir une partie ou l&#8217;ensemble de mon voyage itin\u00e9rant qui m&#8217;a conduit de Paris jusqu&#8217;\u00e0 Katmandou avant de m&#8217;envoler vers d&#8217;autres destinations encore plus lointaines puis de revenir \u00e0 mon doux pays natal.<\/p>\n\n\n\n<p>J&#8217;ai \u00e9crit ce blog \u00e0 partir de septembre 2022 puis je l&#8217;ai aliment\u00e9 quotidiennement tout au long de mon p\u00e9riple de neuf mois tel un carnet de bord afin de partager mes impressions du moment. Si le format vous pla\u00eet, n&#8217;h\u00e9sitez pas \u00e0 visiter mon nouveau blog <a href=\"https:\/\/avidexperience.com\/\">https:\/\/avidexperience.com\/<\/a> o\u00f9 je raconte d&#8217;autres voyages itin\u00e9rants plus accessibles en distance et en temps.<\/p>\n\n\n\n<p>Voil\u00e0, je vous laisse \u00e0 pr\u00e9sent d\u00e9couvrir la pr\u00e9sentation initiale de mon blog : bonne d\u00e9couverte!<\/p>\n\n\n\n<p><strong>Qui suis-je?<\/strong><\/p>\n\n\n\n<p>Je m&#8217;appelle Hugues, j&#8217;ai 35 ans, je suis n\u00e9 \u00e0 Nancy mais j&#8217;ai principalement grandi dans le sud ouest \u00e0 Agen et Toulouse puis j&#8217;ai fait mon \u00e9cole d&#8217;ing\u00e9nieurs \u00e0 Grenoble avant de rejoindre la capitale afin de travailler dans une entreprise internationale de transport de colis pendant une dizaine d&#8217;ann\u00e9es.<\/p>\n\n\n\n<p>J&#8217;aime me balader, faire du sport, prendre des verres entre amis ou partager un bon repas en famille mais aussi rester tranquille \u00e0 la maison pour lire ou regarder un film.<\/p>\n\n\n\n<figure class=\"wp-block-image size-large\"><img loading=\"lazy\" decoding=\"async\" width=\"1024\" height=\"768\" src=\"https:\/\/xn--caplest-bwa.com\/wp-content\/uploads\/2022\/08\/IMG_1274-2-1-1024x768.jpg\" alt=\"\" class=\"wp-image-18\" srcset=\"https:\/\/xn--caplest-bwa.com\/wp-content\/uploads\/2022\/08\/IMG_1274-2-1-1024x768.jpg 1024w, https:\/\/xn--caplest-bwa.com\/wp-content\/uploads\/2022\/08\/IMG_1274-2-1-300x225.jpg 300w, https:\/\/xn--caplest-bwa.com\/wp-content\/uploads\/2022\/08\/IMG_1274-2-1-768x576.jpg 768w, https:\/\/xn--caplest-bwa.com\/wp-content\/uploads\/2022\/08\/IMG_1274-2-1-1536x1152.jpg 1536w, https:\/\/xn--caplest-bwa.com\/wp-content\/uploads\/2022\/08\/IMG_1274-2-1-2048x1536.jpg 2048w\" sizes=\"auto, (max-width: 1024px) 100vw, 1024px\" \/><figcaption class=\"wp-element-caption\">Rateau ouest, massif des Ecrins, juin 2022<\/figcaption><\/figure>\n\n\n\n<p><strong>Pourquoi ce voyage?<\/strong><\/p>\n\n\n\n<p>Le voyage itin\u00e9rant m&#8217;a toujours attir\u00e9, je suis fascin\u00e9 depuis mon adolescence par les r\u00e9cits de voyageurs en tous genres qui parcourent le monde par tous types de moyens de transports en faisant de belles rencontres humaines dans des espaces grandioses. J&#8217;ai envie de suivre une route pour observer le changement progressif des paysages, des visages, des habitations, de la gastronomie, de la culture&#8230; C&#8217;est aussi pour moi un d\u00e9fi physique et logistique qu&#8217;il me pla\u00eet de relever.<\/p>\n\n\n\n<p>Je m&#8217;y suis d\u00e9j\u00e0 modestement essay\u00e9 lors de courts voyages itin\u00e9rants en parcourant la France \u00e0 v\u00e9lo, \u00e0 pied et derni\u00e8rement \u00e0 moto; j&#8217;ai ador\u00e9 ces voyages mais j&#8217;avais envie de le faire sur une plus longue p\u00e9riode et dans d&#8217;autres pays. J&#8217;ai fait \u00e9galement de nombreux voyages \u00e0 l&#8217;\u00e9tranger de deux \u00e0 trois semaines sur diff\u00e9rents continents qui m&#8217;ont beaucoup plu mais je ressentais le besoin d&#8217;avoir davantage de temps pour d\u00e9couvrir un pays.<\/p>\n\n\n\n<p>Ainsi, ce voyage est l&#8217;occasion de pratiquer l&#8217;itin\u00e9rance dans plusieurs pays sur une longue dur\u00e9e en combinant diff\u00e9rents moyens de transport; je compte utiliser ma moto en Europe puis prendre des bus, des trains ou tout autre moyen de transport maritime ou terrestre. Je souhaite \u00e9viter l&#8217;avion sur le chemin aller car mon but est de faire un vrai voyage itin\u00e9rant et puis, cela limitera mon empreinte carbone m\u00eame si je compte ensuite prendre les airs afin d&#8217;aller plus loin avant de rentrer en France.<\/p>\n\n\n\n<p>J&#8217;avais aussi envie de tourner une page apr\u00e8s une longue p\u00e9riode de travail intense sous pression et dans un contexte de confinement morose. C&#8217;est \u00e9galement l&#8217;occasion pour moi de m&#8217;essayer davantage \u00e0 l&#8217;\u00e9criture et aussi \u00e0 la d\u00e9couverte de la cr\u00e9ation d&#8217;un blog.<\/p>\n\n\n\n<p><strong>Pourquoi cet itin\u00e9raire?<\/strong><\/p>\n\n\n\n<p>Ma pr\u00e9f\u00e9rence est pour le voyage terrestre plut\u00f4t que maritime car je trouve qu&#8217;il laisse davantage de libert\u00e9 de mouvement et je ne suis pas un grand marin donc j&#8217;avais le choix de partir au sud vers l&#8217;Afrique ou \u00e0 l&#8217;Est vers l&#8217;Asie. J&#8217;ai pr\u00e9f\u00e9r\u00e9 l&#8217;Orient sans doute en \u00e9tant influenc\u00e9 par mes r\u00e9f\u00e9rences de voyageurs et mes lectures; je comptais initialement prendre le transsib\u00e9rien pour ensuite rejoindre la Mongolie et la Chine mais la g\u00e9opolitique en a d\u00e9cid\u00e9 autrement.<\/p>\n\n\n\n<p>J&#8217;ai donc cherch\u00e9 un chemin plus au sud qui puisse \u00eatre praticable dans cette p\u00e9riode de l&#8217;ann\u00e9e et, apr\u00e8s des recherches sur internet via des blogs et vid\u00e9os YouTube de voyageurs, je me suis d\u00e9cid\u00e9 \u00e0 rejoindre la Turquie pour traverser ensuite l&#8217;Iran, le Pakistan, l&#8217;Inde du Nord puis le N\u00e9pal en pr\u00e9voyant environ un mois dans chacun de ces pays.<\/p>\n\n\n\n<p><strong>Mes interrogations<\/strong><\/p>\n\n\n\n<p>Tout d&#8217;abord, les \u00e9v\u00e9nements de ces derni\u00e8res ann\u00e9es invitent \u00e0 la mod\u00e9ration car de nombreux al\u00e9as externes pourraient m&#8217;obliger \u00e0 revoir mes objectifs telles des tensions g\u00e9opolitiques, une crise sanitaire ou des catastrophes naturelles.<\/p>\n\n\n\n<p>Ensuite, il y a l&#8217;inconnu sur la mani\u00e8re dont je vais r\u00e9agir \u00e0 ce long voyage : est-ce que je vais tenir physiquement et mentalement, est-ce que je vais m&#8217;ennuyer, est-ce que j&#8217;aurais la motivation pour \u00e9crire ce blog, est-ce que je vais supporter l&#8217;\u00e9loignement de ma famille et de mes proches, comment faire si je tombe malade ou si je me blesse?<\/p>\n\n\n\n<p>J&#8217;ai essay\u00e9 de me pr\u00e9parer \u00e0 ces situations mais je verrai bien comment cela se passera r\u00e9ellement et au moins j&#8217;aurais essay\u00e9 d&#8217;accomplir ce voyage auquel je pensais depuis longtemps.<\/p>\n\n\n\n<p><strong>Pr\u00e9paratifs<\/strong><\/p>\n\n\n\n<p>Justement, en termes de pr\u00e9paratifs je compte y d\u00e9dier un article plus tard pour avoir du recul mais cela m&#8217;a demand\u00e9 du temps et de l&#8217;\u00e9nergie et j&#8217;aurai probablement de bonnes et mauvaises surprises. D&#8217;ailleurs il me manque encore mon visa pour l&#8217;Iran \u00e0 l&#8217;heure o\u00f9 j&#8217;\u00e9cris ces lignes&#8230;<\/p>\n\n\n\n<p>Mais bon, d&#8217;apr\u00e8s les t\u00e9moignages de voyageurs que j&#8217;ai lus ou \u00e9cout\u00e9s, le plus important c&#8217;est de partir, apr\u00e8s on s&#8217;adaptera! Voyons de quoi l&#8217;avenir sera fait : cap \u00e0 l&#8217;est!<\/p>\n\n\n\n<p><a href=\"https:\/\/xn--caplest-bwa.com\/index.php\/2022\/09\/21\/france\/\" data-type=\"URL\" data-id=\"https:\/\/xn--caplest-bwa.com\/index.php\/2022\/09\/21\/france\/\"><strong>Lien vers le premier article<\/strong><\/a><\/p>\n","protected":false},"excerpt":{"rendered":"<p>&#8230;<\/p>\n","protected":false},"author":1,"featured_media":0,"parent":0,"menu_order":0,"comment_status":"closed","ping_status":"closed","template":"","meta":{"footnotes":""},"class_list":["post-16","page","type-page","status-publish","hentry"],"_links":{"self":[{"href":"https:\/\/xn--caplest-bwa.com\/index.php\/wp-json\/wp\/v2\/pages\/16","targetHints":{"allow":["GET"]}}],"collection":[{"href":"https:\/\/xn--caplest-bwa.com\/index.php\/wp-json\/wp\/v2\/pages"}],"about":[{"href":"https:\/\/xn--caplest-bwa.com\/index.php\/wp-json\/wp\/v2\/types\/page"}],"author":[{"embeddable":true,"href":"https:\/\/xn--caplest-bwa.com\/index.php\/wp-json\/wp\/v2\/users\/1"}],"replies":[{"embeddable":true,"href":"https:\/\/xn--caplest-bwa.com\/index.php\/wp-json\/wp\/v2\/comments?post=16"}],"version-history":[{"count":14,"href":"https:\/\/xn--caplest-bwa.com\/index.php\/wp-json\/wp\/v2\/pages\/16\/revisions"}],"predecessor-version":[{"id":3409,"href":"https:\/\/xn--caplest-bwa.com\/index.php\/wp-json\/wp\/v2\/pages\/16\/revisions\/3409"}],"wp:attachment":[{"href":"https:\/\/xn--caplest-bwa.com\/index.php\/wp-json\/wp\/v2\/media?parent=16"}],"curies":[{"name":"wp","href":"https:\/\/api.w.org\/{rel}","templated":true}]}}